{"id":1213,"date":"2024-08-09T20:58:41","date_gmt":"2024-08-09T18:58:41","guid":{"rendered":"https:\/\/ringwerk.ch\/wordpress\/?page_id=1213"},"modified":"2024-08-09T21:27:27","modified_gmt":"2024-08-09T19:27:27","slug":"impressum","status":"publish","type":"page","link":"https:\/\/ringwerk.ch\/wordpress\/impressum\/","title":{"rendered":"Impressum"},"content":{"rendered":"\t\t<div data-elementor-type=\"wp-page\" data-elementor-id=\"1213\" class=\"elementor elementor-1213\">\n\t\t\t\t<div class=\"elementor-element elementor-element-2a56239 e-flex e-con-boxed e-con e-parent\" data-id=\"2a56239\" data-element_type=\"container\" data-e-type=\"container\">\n\t\t\t\t\t<div class=\"e-con-inner\">\n\t\t\t\t<div class=\"elementor-element elementor-element-1f31819 elementor-widget elementor-widget-heading\" data-id=\"1f31819\" data-element_type=\"widget\" data-e-type=\"widget\" data-widget_type=\"heading.default\">\n\t\t\t\t<div class=\"elementor-widget-container\">\n\t\t\t\t\t<h2 class=\"elementor-heading-title elementor-size-default\">Impressum<\/h2>\t\t\t\t<\/div>\n\t\t\t\t<\/div>\n\t\t\t\t\t<\/div>\n\t\t\t\t<\/div>\n\t\t<div class=\"elementor-element elementor-element-e6f541b e-flex e-con-boxed e-con e-parent\" data-id=\"e6f541b\" data-element_type=\"container\" data-e-type=\"container\">\n\t\t\t\t\t<div class=\"e-con-inner\">\n\t\t\t\t<div class=\"elementor-element elementor-element-bdece8c elementor-widget elementor-widget-text-editor\" data-id=\"bdece8c\" data-element_type=\"widget\" data-e-type=\"widget\" data-widget_type=\"text-editor.default\">\n\t\t\t\t<div class=\"elementor-widget-container\">\n\t\t\t\t\t\t\t\t\t<p class=\"font_8 wixui-rich-text__text\"><span class=\"wixui-rich-text__text\">KONTAKTADRESSE<br \/><\/span><span class=\"wixui-rich-text__text\">ringwerk krebs<br \/>Zelgacherstrasse 6<br \/>8340 Hinwil<br \/><\/span><span class=\"wixui-rich-text__text\">T 043 843 08 39<br \/><\/span><span class=\"wixui-rich-text__text\"><span class=\"color_15 wixui-rich-text__text\">kontakt@ringwerk.ch<\/span><\/span><\/p><p class=\"font_8 wixui-rich-text__text\"><span class=\"wixui-rich-text__text\">VERTRETUNGSBERECHTIGTE PERSONEN<br \/><\/span><span class=\"wixui-rich-text__text\">Anja Krebs und Oliver Krebs<br \/><\/span><\/p><p class=\"font_8 wixui-rich-text__text\"><span class=\"wixui-rich-text__text\"><span class=\"wixGuard wixui-rich-text__text\">\u200b<\/span>\u200b<\/span><span class=\"wixui-rich-text__text\">HANDELSREGISTEREINTRAG<br \/><\/span><span class=\"wixui-rich-text__text\">Eingetragener Firmenname: ringwerk krebs<br class=\"wixui-rich-text__text\" \/>Nummer: CHE-<br class=\"wixui-rich-text__text\" \/>Handelsregisteramt: Kanton Z\u00fcrich<br \/><\/span><\/p><p class=\"font_8 wixui-rich-text__text\"><span class=\"wixui-rich-text__text\">\u200b<\/span><span class=\"wixui-rich-text__text\">MEHRWERTSTEUERNUMMER<br \/>nicht Mehrwertsteuerpflichtig<br \/><\/span><\/p><p class=\"font_8 wixui-rich-text__text\"><span class=\"wixui-rich-text__text\">\u200b<\/span><span class=\"wixui-rich-text__text\">HAFTUNGSAUSSCHLUSS<br \/><\/span><span class=\"wixui-rich-text__text\">Wir von der Firma ringwerk krebs \u00fcbernehmen keinerlei Gew\u00e4hr hinsichtlich der inhaltlichen Richtigkeit, Genauigkeit, Aktualit\u00e4t, Zuverl\u00e4ssigkeit und Vollst\u00e4ndigkeit der Informationen. Haftungsanspr\u00fcche gegen die Firma ringwerk krebs wegen Sch\u00e4den materieller oder immaterieller Art, welche aus dem Zugriff oder der Nutzung bzw. Nichtnutzung der ver\u00f6ffentlichten Informationen, durch Missbrauch der Verbindung oder durch technische St\u00f6rungen entstanden sind, werden ausgeschlossen. Alle unsere Angebote sind unverbindlich. Wir von der Firma ringwerk.ch behalten uns ausdr\u00fccklich das Recht vor, Teile der Seiten oder das gesamte Angebot ohne gesonderte Ank\u00fcndigung zu ver\u00e4ndern, zu erg\u00e4nzen, zu l\u00f6schen oder die Ver\u00f6ffentlichung zeitweise oder endg\u00fcltig einzustellen.<\/span><\/p><p class=\"font_8 wixui-rich-text__text\"><span class=\"wixui-rich-text__text\">HAFTUNG F\u00dcR LINKS<br \/><\/span><span class=\"wixui-rich-text__text\">Die Inhalte dieser Seiten wurden mit gr\u00f6sster Sorgfalt erstellt. Unser Angebot enth\u00e4lt Links zu externen Websites Dritter, auf deren Inhalte wir keinen Einfluss haben. Deshalb k\u00f6nnen wir f\u00fcr diese fremden Inhalte auch keine Gew\u00e4hr \u00fcbernehmen. F\u00fcr die Inhalte der verlinkten Seiten ist stets der jeweilige Anbieter oder Betreiber der Seiten verantwortlich. Die verlinkten Seiten wurden zum Zeitpunkt der Verlinkung auf m\u00f6gliche Rechtsverst\u00f6sse \u00fcberpr\u00fcft. Rechtswidrige Inhalte waren zum Zeitpunkt der Verlinkung nicht erkennbar. Eine permanente inhaltliche Kontrolle der verlinkten Seiten ist jedoch ohne konkrete Anhaltspunkte einer Rechtsverletzung nicht zumutbar. Bei Bekanntwerden von Rechtsverletzungen werden wir derartige Links umgehend entfernen.<\/span><\/p><p class=\"font_8 wixui-rich-text__text\"><span class=\"wixui-rich-text__text\">URHEBERRECHTE<br \/><\/span><span class=\"wixui-rich-text__text\">Die Urheber- und alle anderen Rechte an Inhalten, Bildern, Fotos oder anderen Dateien auf der Website geh\u00f6ren ausschliesslich der Firma ringwerk krebs oder den speziell genannten Rechtsinhabern. F\u00fcr die Reproduktion jeglicher Elemente ist die schriftliche Zustimmung der Urheberrechtstr\u00e4ger im Voraus einzuholen.<\/span><\/p><p class=\"font_8 wixui-rich-text__text\"><span class=\"wixui-rich-text__text\">\u200b<\/span><span class=\"wixui-rich-text__text\">VERWENDUNG VON PERSONENBEZOGENEN DATEN<br \/><\/span><span class=\"wixui-rich-text__text\">Um Ihnen unsere Dienste bereitstellen zu k\u00f6nnen, m\u00fcssen wir personenbezogene Daten erfassen, die sich auf eine identifizierte oder identifizierbare nat\u00fcrliche Person beziehen. Identifizierbar ist die nat\u00fcrliche Person, wenn sich aus den vorhandenen Informationen R\u00fcckschl\u00fcsse auf die Identit\u00e4t der Person ziehen lassen. Beispiel: Bei Ihrem Namen, IP-Adresse und Privatadresse handelt es sich um Personendaten. Die personenbezogenen Daten liefern Sie, wenn Sie unsere Dienste besuchen oder nutzen, oder es handelt sich um personenbezogene Daten, die wir automatisch erfassen, oder es sind personenbezogene Daten, die wir aus anderen Quellen erfassen. Wenn Sie unsere Dienste besuchen, herunterladen und\/oder nutzen, k\u00f6nnen wir aggregierte personenbezogene Nutzungsdaten erfassen. beispielsweise Browsing- und \u00abClickstream\u00bb-Aktivit\u00e4ten von Besuchern und Nutzern auf den Diensten, Sitzungs-Heatmaps und Scrolls, nicht identifizierende personenbezogene Daten des Besuchers oder Nutzers bzgl. Ger\u00e4t, Betriebssystem, Internetbrowser, Bildschirmaufl\u00f6sung, Sprach- und Tastatureinstellungen, Internetdienstanbieter, Verweis- und Ausstiegsseiten, Datum-\/Zeitstempel usw.\u00a0Die von Ihnen \u00fcbermittelten Daten dienen uns einzig zur Erledigung Ihrer Anfrage und werden nicht an Dritte weitergegeben. Als Rechtsgrundlage f\u00fcr die Verarbeitung der Daten dient Ihre Einwilligung. Ihre Daten werden nur so lange aufbewahrt, wie dies zur Erreichung des Zweckes notwendig ist.<\/span><\/p><p class=\"font_8 wixui-rich-text__text\"><span class=\"wixui-rich-text__text\">\u200b<\/span><span class=\"wixui-rich-text__text\">COOKIES<br class=\"wixui-rich-text__text\" \/>Diese Webseite verwendet Cookies. Cookies sind kleine Textdateien, die beim Besuch dieser Webseite in Ihrem Computer dauerhaft oder tempor\u00e4r gespeichert werden. Zweck der Cookies ist insbesondere die Analyse der Nutzung dieser Webseite zur statistischen Auswertung sowie f\u00fcr kontinuierliche Verbesserungen. In Ihrem Browser k\u00f6nnen Sie Cookies in den Einstellungen jederzeit ganz oder teilweise deaktivieren. Bei deaktivierten Cookies stehen Ihnen allenfalls nicht mehr alle Funktionen dieser Webseite zur Verf\u00fcgung.<\/span><\/p><p class=\"font_8 wixui-rich-text__text\"><span class=\"wixui-rich-text__text\">\u200b<\/span><span class=\"wixui-rich-text__text\">SSL-VERSCHL\u00dcSSELUNG<br \/><\/span><span class=\"wixui-rich-text__text\">Unsere Webseite bedient sich einer SSL-Verschl\u00fcsselung, wenn es um die \u00dcbermittlung vertraulicher oder pers\u00f6nlicher Inhalte unserer Nutzer geht. Diese Verschl\u00fcsslung wird zum Beispiel bei der Abwicklung des Zahlungsverkehrs sowie bei Anfragen aktiviert, die Sie an uns \u00fcber unsere Webseite stellen. Achten Sie bitte darauf, dass die SSL-Verschl\u00fcsselung bei entsprechenden Aktivit\u00e4ten von Ihrer Seite her aktiviert ist. Der Einsatz der Verschl\u00fcsselung ist leicht zu erkennen: Die Anzeige in Ihrer Browserzeile wechselt von \u00abhttp:\/\/\u00bb zu \u00abhttps:\/\/\u00bb. \u00dcber SSL verschl\u00fcsselte Daten sind nicht von Dritten lesbar. \u00dcbermitteln Sie Ihre vertraulichen Informationen nur bei aktivierter SSL-Verschl\u00fcsselung und wenden Sie sich im Zweifel an uns.<\/span><\/p><p class=\"font_8 wixui-rich-text__text\"><span class=\"wixui-rich-text__text\">\u200b<\/span><span class=\"wixui-rich-text__text\">DATENSCHUTZERKL\u00c4RUNG F\u00dcR DIE NUTZUNG VON GOOGLE ANALYTICS<br \/><\/span><span class=\"wixui-rich-text__text\">Unsere Webseite benutzt Google Analytics, einen Webanalysedienst der Google Inc. (\u00abGoogle\u00bb). Google Analytics verwendet sog. \u00abCookies\u00bb, Textdateien, die auf Ihrem Computer gespeichert werden und die eine Analyse der Benutzung der Webseite durch Sie erm\u00f6glichen. Die durch den Cookie erzeugten Informationen \u00fcber Ihre Benutzung dieser Webseite werden in der Regel an einen Server von Google in den USA \u00fcbertragen und dort gespeichert. Im Falle der Aktivierung der IP-Anonymisierung auf dieser Webseite wird Ihre IP-Adresse von Google jedoch innerhalb von Mitgliedstaaten der Europ\u00e4ischen Union oder in anderen Vertragsstaaten des Abkommens \u00fcber den Europ\u00e4ischen Wirtschaftsraum zuvor gek\u00fcrzt. Nur in Ausnahmef\u00e4llen wird die volle IP-Adresse an einen Server von Google in den USA \u00fcbertragen und dort gek\u00fcrzt. Google wird diese Informationen benutzen, um Ihre Nutzung der Website auszuwerten, um Reports \u00fcber die Webseiteaktivit\u00e4ten f\u00fcr die Websitebetreiber zusammenzustellen und um weitere mit der Webseitenutzung und der Internetnutzung verbundene Dienstleistungen zu erbringen. Auch wird Google diese Informationen gegebenenfalls an Dritte \u00fcbertragen, sofern dies gesetzlich vorgeschrieben oder soweit Dritte diese Daten im Auftrag von Google verarbeiten. Die im Rahmen von Google Analytics von Ihrem Browser \u00fcbermittelte IP-Adresse wird nicht mit anderen Daten von Google zusammengef\u00fchrt. Sie k\u00f6nnen die Installation der Cookies durch eine entsprechende Einstellung Ihrer Browser Software verhindern; wir weisen Sie jedoch darauf hin, dass Sie in diesem Fall gegebenenfalls nicht s\u00e4mtliche Funktionen dieser Webseite voll umf\u00e4nglich nutzen k\u00f6nnen. Durch die Nutzung dieser Webseite erkl\u00e4ren Sie sich mit der Bearbeitung der \u00fcber Sie erhobenen Daten durch Google in der zuvor beschriebenen Art und Weise und zu dem zuvor benannten Zweck einverstanden.<\/span><\/p><p class=\"font_8 wixui-rich-text__text\"><span class=\"wixui-rich-text__text\">\u200b<\/span><span class=\"wixui-rich-text__text\">DATENSCHUTZERKL\u00c4RUNG F\u00dcR DIE NUTZUNG VON GOOGLE MAPS<br \/><\/span><span class=\"wixui-rich-text__text\">Zur vereinfachten Anreise bieten wir Ihnen die Nutzung von Google Maps zur Darstellung von Karten und zur Erstellung von Anfahrtspl\u00e4nen. Google Maps wird von Google Inc., 1600 Amphitheatre Parkway, Mountain View, CA 94043, USA betrieben. Diese Seiten werden Ihnen entsprechend kenntlich gemacht. Durch die Nutzung dieses Services erkl\u00e4ren Sie sich mit der Erhebung, Verarbeitung und Nutzung der dabei erhobenen sowie der von Ihnen eingegebenen Daten durch Google einverstanden. Die Nutzungsbedingungen f\u00fcr Google Maps finden Sie unter\u00a0<a class=\"wixui-rich-text__text\" href=\"http:\/\/www.google.com\/intl\/de_de\/help\/terms_maps.html\" target=\"_blank\" rel=\"noreferrer noopener\">www.google.com\/intl\/de_de\/help\/terms_maps.html<\/a>\u00a0[externe Seite].<\/span><\/p><p class=\"font_8 wixui-rich-text__text\"><span class=\"wixui-rich-text__text\"><span class=\"inherit-font-size wixui-rich-text__text\">\u200b<\/span><\/span><span class=\"wixui-rich-text__text\">DATENSCHUTZERKL\u00c4RUNG F\u00dcR DIE NUTZUNG VON GOOGLE WEB FONTS<br class=\"wixui-rich-text__text\" \/>Wir benutzen auf unserer Webseite zur einheitlichen Darstellung von Schriftarten so genannte Web Fonts, die von Google bereitgestellt werden. Beim Aufruf einer unserer Seiten l\u00e4dt Ihr Browser die ben\u00f6tigten Web Fonts in Ihren Browsercache, um Texte und Schriftarten korrekt anzuzeigen. Der von Ihnen verwendete Browser stellt eine Verbindung zu den Servern von Google her. Hierdurch erlangt Google Kenntnis dar\u00fcber, dass via Ihre IP-Adresse unsere Webseite aufgerufen wurde. Wenn Ihr Browser Web Fonts nicht unterst\u00fctzt, wird eine Standardschrift von Ihrem Computer genutzt. Die Nutzung von Google Web Fonts erfolgt im Interesse einer einheitlichen und ansprechenden Darstellung unserer Online-Angebote. F\u00fcr weitere Informationen zu Google Web Fonts siehe die FAQs von Google Web Fonts: <a class=\"wixui-rich-text__text\" href=\"https:\/\/developers.google.com\/fonts\/faq\" target=\"_blank\" rel=\"noreferrer noopener\">https:\/\/developers.google.com\/fonts\/faq<\/a>\u00a0[externe Seite].<\/span><\/p><p class=\"font_8 wixui-rich-text__text\"><span class=\"wixui-rich-text__text\">\u200b<\/span><span class=\"wixui-rich-text__text\">FRAGEN AN DEN DATENSCHUTZBEAUFTRAGTEN<br class=\"wixui-rich-text__text\" \/>Wenn Sie Fragen zum Datenschutz haben, schreiben Sie uns bitte eine E-Mail oder melden Sie sich telefonisch bei uns.<\/span><\/p>\t\t\t\t\t\t\t\t<\/div>\n\t\t\t\t<\/div>\n\t\t\t\t\t<\/div>\n\t\t\t\t<\/div>\n\t\t\t\t<\/div>\n\t\t","protected":false},"excerpt":{"rendered":"<p>Impressum KONTAKTADRESSEringwerk krebsZelgacherstrasse 68340 HinwilT 043 843 08 39kontakt@ringwerk.ch VERTRETUNGSBERECHTIGTE PERSONENAnja Krebs und Oliver Krebs \u200b\u200bHANDELSREGISTEREINTRAGEingetragener Firmenname: ringwerk krebsNummer: CHE-Handelsregisteramt: Kanton Z\u00fcrich \u200bMEHRWERTSTEUERNUMMERnicht Mehrwertsteuerpflichtig \u200bHAFTUNGSAUSSCHLUSSWir von der Firma ringwerk krebs \u00fcbernehmen keinerlei Gew\u00e4hr hinsichtlich der inhaltlichen Richtigkeit, Genauigkeit, Aktualit\u00e4t, Zuverl\u00e4ssigkeit und Vollst\u00e4ndigkeit der Informationen. Haftungsanspr\u00fcche gegen die Firma ringwerk krebs wegen Sch\u00e4den materieller oder immaterieller [&hellip;]<\/p>\n","protected":false},"author":1,"featured_media":0,"parent":0,"menu_order":0,"comment_status":"closed","ping_status":"closed","template":"","meta":{"ocean_post_layout":"full-screen","ocean_both_sidebars_style":"","ocean_both_sidebars_content_width":0,"ocean_both_sidebars_sidebars_width":0,"ocean_sidebar":"","ocean_second_sidebar":"","ocean_disable_margins":"enable","ocean_add_body_class":"","ocean_shortcode_before_top_bar":"","ocean_shortcode_after_top_bar":"","ocean_shortcode_before_header":"","ocean_shortcode_after_header":"","ocean_has_shortcode":"","ocean_shortcode_after_title":"","ocean_shortcode_before_footer_widgets":"","ocean_shortcode_after_footer_widgets":"","ocean_shortcode_before_footer_bottom":"","ocean_shortcode_after_footer_bottom":"","ocean_display_top_bar":"off","ocean_display_header":"default","ocean_header_style":"","ocean_center_header_left_menu":"","ocean_custom_header_template":"","ocean_custom_logo":0,"ocean_custom_retina_logo":0,"ocean_custom_logo_max_width":0,"ocean_custom_logo_tablet_max_width":0,"ocean_custom_logo_mobile_max_width":0,"ocean_custom_logo_max_height":0,"ocean_custom_logo_tablet_max_height":0,"ocean_custom_logo_mobile_max_height":0,"ocean_header_custom_menu":"","ocean_menu_typo_font_family":"","ocean_menu_typo_font_subset":"","ocean_menu_typo_font_size":0,"ocean_menu_typo_font_size_tablet":0,"ocean_menu_typo_font_size_mobile":0,"ocean_menu_typo_font_size_unit":"px","ocean_menu_typo_font_weight":"","ocean_menu_typo_font_weight_tablet":"","ocean_menu_typo_font_weight_mobile":"","ocean_menu_typo_transform":"","ocean_menu_typo_transform_tablet":"","ocean_menu_typo_transform_mobile":"","ocean_menu_typo_line_height":0,"ocean_menu_typo_line_height_tablet":0,"ocean_menu_typo_line_height_mobile":0,"ocean_menu_typo_line_height_unit":"","ocean_menu_typo_spacing":0,"ocean_menu_typo_spacing_tablet":0,"ocean_menu_typo_spacing_mobile":0,"ocean_menu_typo_spacing_unit":"","ocean_menu_link_color":"","ocean_menu_link_color_hover":"","ocean_menu_link_color_active":"","ocean_menu_link_background":"","ocean_menu_link_hover_background":"","ocean_menu_link_active_background":"","ocean_menu_social_links_bg":"","ocean_menu_social_hover_links_bg":"","ocean_menu_social_links_color":"","ocean_menu_social_hover_links_color":"","ocean_disable_title":"on","ocean_disable_heading":"default","ocean_post_title":"","ocean_post_subheading":"","ocean_post_title_style":"","ocean_post_title_background_color":"","ocean_post_title_background":0,"ocean_post_title_bg_image_position":"","ocean_post_title_bg_image_attachment":"","ocean_post_title_bg_image_repeat":"","ocean_post_title_bg_image_size":"","ocean_post_title_height":0,"ocean_post_title_bg_overlay":0.5,"ocean_post_title_bg_overlay_color":"","ocean_disable_breadcrumbs":"default","ocean_breadcrumbs_color":"","ocean_breadcrumbs_separator_color":"","ocean_breadcrumbs_links_color":"","ocean_breadcrumbs_links_hover_color":"","ocean_display_footer_widgets":"off","ocean_display_footer_bottom":"off","ocean_custom_footer_template":"","footnotes":""},"class_list":["post-1213","page","type-page","status-publish","hentry","entry"],"_links":{"self":[{"href":"https:\/\/ringwerk.ch\/wordpress\/wp-json\/wp\/v2\/pages\/1213","targetHints":{"allow":["GET"]}}],"collection":[{"href":"https:\/\/ringwerk.ch\/wordpress\/wp-json\/wp\/v2\/pages"}],"about":[{"href":"https:\/\/ringwerk.ch\/wordpress\/wp-json\/wp\/v2\/types\/page"}],"author":[{"embeddable":true,"href":"https:\/\/ringwerk.ch\/wordpress\/wp-json\/wp\/v2\/users\/1"}],"replies":[{"embeddable":true,"href":"https:\/\/ringwerk.ch\/wordpress\/wp-json\/wp\/v2\/comments?post=1213"}],"version-history":[{"count":5,"href":"https:\/\/ringwerk.ch\/wordpress\/wp-json\/wp\/v2\/pages\/1213\/revisions"}],"predecessor-version":[{"id":1219,"href":"https:\/\/ringwerk.ch\/wordpress\/wp-json\/wp\/v2\/pages\/1213\/revisions\/1219"}],"wp:attachment":[{"href":"https:\/\/ringwerk.ch\/wordpress\/wp-json\/wp\/v2\/media?parent=1213"}],"curies":[{"name":"wp","href":"https:\/\/api.w.org\/{rel}","templated":true}]}}